{"id":78,"date":"2019-04-18T10:19:16","date_gmt":"2019-04-18T01:19:16","guid":{"rendered":"https:\/\/www.inari-taxoffice.com\/shikinguri\/s-knowledge\/s-knowledge10\/"},"modified":"2019-05-10T13:25:31","modified_gmt":"2019-05-10T04:25:31","slug":"s-knowledge10","status":"publish","type":"page","link":"https:\/\/www.inari-taxoffice.com\/shikinguri\/s-knowledge\/s-knowledge10\/","title":{"rendered":"\u878d\u8cc7\u5be9\u67fb\u306e\u969b\u3001\u91d1\u878d\u6a5f\u95a2\u304c\u5fc5\u305a\u30c1\u30a7\u30c3\u30af\u3059\u308b\uff13\u3064\u306e\u30dd\u30a4\u30f3\u30c8"},"content":{"rendered":"<h1>\u878d\u8cc7\u5be9\u67fb\u306e\u969b\u3001\u91d1\u878d\u6a5f\u95a2\u304c\u5fc5\u305a\u30c1\u30a7\u30c3\u30af\u3059\u308b\uff13\u3064\u306e\u30dd\u30a4\u30f3\u30c8<\/h1>\r\n<p>\u878d\u8cc7\u5be9\u67fb\u306e\u57fa\u6e96\u306f\u3001\u91d1\u878d\u6a5f\u95a2\u304c\u72ec\u81ea\u306b\u5b9a\u3081\u3066\u304a\u308a\u3001\u305d\u306e\u5be9\u67fb\u57fa\u6e96\u3068\u3044\u3046\u306e\u306f\u5916\u90e8\u306b\u516c\u8868\u3055\u308c\u3066\u3044\u306a\u3044\u70ba\u3001\u25cb\u25cb\u9280\u884c\u306e\u878d\u8cc7\u5be9\u67fb\u57fa\u6e96\u306f\u25cf\u25cf\u25cf\u3068\u00d7\u00d7\u00d7\u3067\u3042\u308b\u3001\u3068\u3044\u3046\u3088\u3046\u306a\u4e8b\u306f\u6211\u3005\u91d1\u878d\u6a5f\u95a2\u5916\u306e\u4eba\u9593\u306b\u306f\u308f\u304b\u308a\u3048\u306a\u3044\u4e8b\u306b\u306a\u308a\u307e\u3059\u3002\u305f\u3060\u3057\u3001\u91d1\u878d\u6a5f\u95a2\u304c\u6c7a\u7b97\u66f8\u3092\u78ba\u8a8d\u3059\u308b\u969b\u3001\u5fc5\u305a\u30c1\u30a7\u30c3\u30af\u3059\u308b\uff13\u3064\u306e\u30dd\u30a4\u30f3\u30c8\u3068\u3044\u3046\u306e\u304c\u3042\u308a\u3001\u30d7\u30ed\u30d1\u30fc\u878d\u8cc7\u3092\u53d7\u3051\u3088\u3046\u3068\u3059\u308b\u969b\u306f\u3001\u305d\u306e\u30c1\u30a7\u30c3\u30af\u30dd\u30a4\u30f3\u30c8\u3092\u5168\u3066\u6e80\u305f\u3057\u3066\u3044\u308b\u5fc5\u8981\u304c\u3042\u308a\u307e\u3059\u3002\u306a\u304a\u3001\u5168\u3066\u306e\u9805\u76ee\u306b\u30d0\u30c4\u304c\u3064\u304f\u5834\u5408\u306f\u3001\u4e00\u822c\u7684\u306b\u306f\u65b0\u305f\u306a\u878d\u8cc7\u3092\u53d7\u3051\u308b\u3053\u3068\u304c\u51fa\u6765\u307e\u305b\u3093\u3002<\/p>\r\n<p>\u3053\u306e\u30da\u30fc\u30b8\u3067\u306f\u3001\u305d\u306e\u91d1\u878d\u6a5f\u95a2\u304c\u5fc5\u305a\u30c1\u30a7\u30c3\u30af\u3059\u308b\uff13\u3064\u306e\u30dd\u30a4\u30f3\u30c8\u306b\u3064\u3044\u3066\u3054\u8aac\u660e\u3055\u305b\u3066\u9802\u304d\u307e\u3059\u3002<\/p>\r\n<h2>\u8fd4\u6e08\u80fd\u529b<\/h2>\r\n<p>\u91d1\u878d\u6a5f\u95a2\u304c\u6c7a\u7b97\u66f8\u3092\u898b\u308b\u969b\u3001\u6700\u521d\u306b\u78ba\u8a8d\u3059\u308b\u30dd\u30a4\u30f3\u30c8\u306f\u300c\u8fd4\u6e08\u80fd\u529b\u300d\u3067\u3059\u3002\u91d1\u878d\u6a5f\u95a2\u306f\u3001\u305d\u3082\u305d\u3082\u55b6\u5229\u4f01\u696d\u3067\u3059\u306e\u3067\u3001\u8fd4\u6e08\u80fd\u529b\u304c\u3042\u308b\u4f1a\u793e\u306b\u8cc7\u91d1\u3092\u8cb8\u4ed8\u3051\u3001\u5229\u606f\u53ce\u5165\u3092\u5f97\u3066\u58f2\u4e0a\u3092\u4e0a\u3052\u3066\u3044\u308b\u3053\u3068\u3092\u8003\u3048\u308b\u3068\u3001\u6700\u521d\u306b\u8fd4\u6e08\u80fd\u529b\u3092\u78ba\u8a8d\u3059\u308b\u306e\u306f\u5f53\u7136\u3068\u8a00\u3048\u3070\u5f53\u7136\u304b\u3068\u601d\u3044\u307e\u3059\u3002<\/p>\r\n<p>\u306a\u304a\u3001\u8fd4\u6e08\u80fd\u529b\u306e\u78ba\u8a8d\u65b9\u6cd5\u3067\u3059\u304c\u3001\u300c\u7a0e\u5f15\u304d\u5f8c\u5f53\u671f\u7d14\u5229\u76ca\uff0b\u6e1b\u4fa1\u511f\u5374\u8cbb\u300d\u3067\u78ba\u8a8d\u3059\u308b\u3053\u3068\u304c\u51fa\u6765\u307e\u3059\u3002\u7a0e\u5f15\u304d\u5f8c\u5f53\u671f\u7d14\u5229\u76ca\u3068\u3044\u3046\u306e\u306f\u3001\u7a0e\u91d1\u306e\u7d0d\u4ed8\u5f8c\u306b\u3001\u4f1a\u793e\u306b\u6b8b\u308b\u5229\u76ca\u3068\u306a\u308a\u3001\u58f2\u639b\u91d1\u306e\u5165\u91d1\u3084\u8cb7\u639b\u91d1\u306e\u652f\u6255\u3044\u306e\u30bf\u30a4\u30df\u30f3\u30b0\u306a\u3069\u306e\u7406\u7531\u306b\u3088\u308a\u671f\u672b\u6642\u70b9\u3067\u306f\u4e00\u81f4\u3057\u307e\u305b\u3093\u304c\u3001\u6700\u7d42\u7684\u306b\u306f\u4eca\u671f\u306e\u55b6\u696d\u6d3b\u52d5\u306b\u3088\u308a\u5897\u52a0\u3057\u305f\u73fe\u91d1\u306e\u984d\u3092\u610f\u5473\u3057\u307e\u3059\u3002\u307e\u305f\u3001\u6e1b\u4fa1\u511f\u5374\u8cbb\u306f\u3001\u51fa\u91d1\u3092\u4f34\u308f\u306a\u3044\u8cbb\u7528\u3068\u3044\u3046\u4e8b\u306b\u306a\u308a\u307e\u3059\u306e\u3067\u3001\u524d\u8ff0\u306e\u7a0e\u5f15\u304d\u5f8c\u5f53\u671f\u7d14\u5229\u76ca\u306b\u6e1b\u4fa1\u511f\u5374\u8cbb\u3092\u8db3\u3057\u305f\u91d1\u984d\u304c\u3001\u5b9f\u8cea\u7684\u306b\u4eca\u671f\u5897\u52a0\u3057\u305f\u73fe\u91d1\u306e\u984d\uff08\u501f\u5165\u8fd4\u6e08\u306b\u5145\u3066\u308b\u3053\u3068\u304c\u51fa\u6765\u308b\u984d\uff09\u3068\u3044\u3046\u3053\u3068\u306b\u306a\u308a\u307e\u3059\u3002<\/p>\r\n<p>\u305f\u3060\u3057\u3001\u524d\u8ff0\u306e\u7b97\u5f0f\u3067\u8a08\u7b97\u3057\u305f\u91d1\u984d\u304c\u3001\u81ea\u52d5\u7684\u306b\u300c\u8fd4\u6e08\u80fd\u529b\u300d\u306e\u91d1\u984d\u3068\u3057\u3066\u63a1\u7528\u3055\u308c\u308b\u304b\u3068\u3044\u3046\u3068\u305d\u3046\u3067\u306f\u3042\u308a\u307e\u305b\u3093\u3002\u91d1\u878d\u6a5f\u95a2\u306f\u3001\u300c\u6c7a\u7b97\u66f8\u4e0a\u300d\u306e\u8fd4\u6e08\u80fd\u529b\u306e\u91d1\u984d\u304c\u59a5\u5f53\u304b\u3069\u3046\u304b\u3092\u78ba\u8a8d\u3057\u3066\u3044\u307e\u3059\u3002\u305d\u306e\u78ba\u8a8d\u9805\u76ee\u306e\u4e00\u3064\u3068\u3057\u3066\u3001\u300c\u5f79\u54e1\u5831\u916c\u300d\u306e\u91d1\u984d\u304c\u6319\u3052\u3089\u308c\u307e\u3059\u3002\u4e2d\u5c0f\u4f01\u696d\u3084\u5275\u696d\u5f8c\u9593\u3082\u306a\u3044\u4f1a\u793e\u306b\u3042\u308a\u304c\u3061\u306a\u306e\u3067\u3059\u304c\u3001\u5f79\u54e1\u5831\u916c\u306e\u91d1\u984d\u3092\u904e\u5c11\u306b\u3057\u3066\u3001\u898b\u304b\u3051\u4e0a\u306e\u7a0e\u5f15\u304d\u5f8c\u5f53\u671f\u7d14\u5229\u76ca\u306e\u91d1\u984d\u3092\u5927\u304d\u304f\u898b\u305b\u3088\u3046\u3068\u3057\u3066\u3044\u308b\u4f1a\u793e\u304c\u7a00\u306b\u3042\u308a\u307e\u3059\u304c\u3001\u91d1\u878d\u6a5f\u95a2\u306f\u3001\u904e\u5c0f\u306a\u5f79\u54e1\u5831\u916c\u984d\u3092\u9069\u6b63\u306a\u5f79\u54e1\u5831\u916c\u984d\u306b\u7f6e\u304d\u63db\u3048\u3066\u7a0e\u5f15\u304d\u5f8c\u5f53\u671f\u7d14\u5229\u76ca\u3092\u7b97\u51fa\u3057\u3066\u3044\u304d\u307e\u3059\u3002\u5177\u4f53\u7684\u306a\u6570\u5024\u3067\u3054\u8aac\u660e\u3055\u305b\u3066\u9802\u304d\u307e\u3059\u3068\u3001\r\n<\/p>\r\n<h3>\u6c7a\u7b97\u66f8\u4e0a\u306e\u6570\u5024<\/h3>\r\n<table class=\"table fee\">\r\n  <tr>\r\n    <th>\u5f79\u54e1\u5831\u916c\u984d<\/th>\r\n    <td>\uff11\uff12\uff10\u4e07\u5186<\/td>\r\n  <\/tr>\r\n  <tr>\r\n    <th>\u6e1b\u4fa1\u511f\u5374\u8cbb<\/th>\r\n    <td>\uff12\uff10\u4e07\u5186<\/td>\r\n  <\/tr>\r\n  <tr>\r\n    <th>\u7a0e\u5f15\u304d\u5f8c\u5f53\u671f\u7d14\u5229\u76ca<\/th>\r\n    <td>\uff12\uff12\uff10\u4e07\u5186<\/td>\r\n  <\/tr>\r\n<\/table>\r\n<p>\u4e0a\u8a18\u306e\u3088\u3046\u306a\u4f1a\u793e\u304c\u3042\u308b\u3068\u3057\u307e\u3059\u3002\u300c\u6c7a\u7b97\u66f8\u4e0a\u300d\u306e\u7a0e\u5f15\u304d\u5f8c\u5f53\u671f\u7d14\u5229\u76ca\u306e\u91d1\u984d\u304c\uff12\uff12\uff10\u4e07\u5186\u3001\u6e1b\u4fa1\u511f\u5374\u8cbb\u304c\uff12\uff10\u4e07\u5186\u3067\u3042\u308b\u70ba\u3001\u3053\u306e\u4f1a\u793e\u306e\u8fd4\u6e08\u80fd\u529b\u306f\u3001\uff12\uff12\uff10\u4e07\u5186\uff0b\uff12\uff10\u4e07\u5186\uff1d\uff12\uff14\uff10\u4e07\u5186\u3068\u3044\u3046\u3053\u3068\u306b\u306a\u308a\u3001\u300c\u6c7a\u7b97\u66f8\u4e0a\u300d\u3067\u306f\u3001\u5e74\u9593\uff12\uff14\uff10\u4e07\u5186\u306e\u501f\u5165\u8fd4\u6e08\u539f\u8cc7\u304c\u3042\u308b\u3068\u3044\u3046\u4e8b\u306b\u306a\u308a\u307e\u3059\u3002\u3057\u304b\u3057\u3001\u91d1\u878d\u6a5f\u95a2\u306f\u984d\u9762\u901a\u308a\u306e\u6570\u5024\u3067\u306f\u5224\u65ad\u3057\u307e\u305b\u3093\u3002\u305d\u306e\u4ee3\u8868\u8005\u306b\u751f\u6d3b\u8cbb\u306e\u72b6\u6cc1\u3092\u78ba\u8a8d\u3057\u307e\u3059\u3002\u6301\u3061\u5bb6\u306a\u3089\u4f4f\u5b85\u30ed\u30fc\u30f3\u306e\u6709\u7121\u3001\u8cc3\u8cb8\u306a\u3089\u5bb6\u8cc3\u306e\u91d1\u984d\u3001\u914d\u5076\u8005\u306e\u6709\u7121\u3084\u914d\u5076\u8005\u306e\u5c31\u52b4\u72b6\u6cc1\u3001\u6276\u990a\u5bb6\u65cf\u306e\u6709\u7121\u7b49\u3092\u78ba\u8a8d\u3057\u3001\u6982\u306d\u767a\u751f\u3059\u308b\u3067\u3042\u308d\u3046\u751f\u6d3b\u8cbb\u3092\u63a8\u6e2c\u3057\u307e\u3059\u3002\u4f8b\u3048\u3070\u3001\u59bb\u304c\u5c02\u696d\u4e3b\u5a66\u3067\u5b50\u4f9b\u304c\u3044\u308c\u3070\u3001\u6708\u984d\uff13\uff10\u4e07\u5186\u7a0b\u5ea6\u306e\u751f\u6d3b\u8cbb\u306f\u5fc5\u8981\u3068\u306a\u308a\u307e\u3059\u306e\u3067\u3001\uff13\uff10\u4e07\u5186\u00d7\uff11\uff12\u30f5\u6708\uff1d\uff13\uff16\uff10\u4e07\u5186\u3092\u4fee\u6b63\u5f8c\u306e\u5f79\u54e1\u5831\u916c\u984d\u3068\u3057\u3066\u7a0e\u5f15\u304d\u5f8c\u5f53\u671f\u7d14\u5229\u76ca\u3092\u7b97\u51fa\u3059\u308b\u70ba\u3001\u4e0b\u8a18\u306e\u3088\u3046\u306a\u6570\u5024\u306b\u4fee\u6b63\u3055\u308c\u307e\u3059\u3002<\/p>\r\n<h3>\u91d1\u878d\u6a5f\u95a2\u306b\u3088\u308b\u4fee\u6b63\u5f8c\u306e\u6570\u5024<\/h3>\r\n<table class=\"table fee\">\r\n  <tr>\r\n    <th>\u5f79\u54e1\u5831\u916c\u984d<\/th>\r\n    <td>\uff13\uff16\uff10\u4e07\u5186<\/td>\r\n  <\/tr>\r\n  <tr>\r\n    <th>\u6e1b\u4fa1\u511f\u5374\u8cbb<\/th>\r\n    <td>\uff12\uff10\u4e07\u5186<\/td>\r\n  <\/tr>\r\n  <tr>\r\n    <th>\u7a0e\u5f15\u304d\u5f8c\u5f53\u671f\u7d14\u5229\u76ca<\/th>\r\n    <td>\u25b3\uff12\uff10\u4e07\u5186<\/td>\r\n  <\/tr>\r\n<\/table>\r\n<p>\u5f93\u3063\u3066\u3001\u4e0a\u8a18\u306e\u4f1a\u793e\u306e\u300c\u4fee\u6b63\u5f8c\u300d\u306e\u8fd4\u6e08\u80fd\u529b\u306f\u3001\u25b3\uff12\uff10\u4e07\u5186\uff0b\uff12\uff10\u4e07\u5186\uff1d\uff10\u3068\u306a\u308a\u3001\u501f\u5165\u91d1\u306e\u8fd4\u6e08\u539f\u8cc7\u304c\u306a\u3044\u4f1a\u793e\u3068\u306a\u308a\u3001\u4e00\u822c\u7684\u306b\u306f\u878d\u8cc7\u3092\u898b\u9001\u3089\u308c\u308b\u53ef\u80fd\u6027\u304c\u9ad8\u304f\u306a\u308a\u307e\u3059\u3002<\/p>\r\n<p>\u5f93\u3063\u3066\u3001\u5f79\u54e1\u5831\u916c\u306e\u91d1\u984d\u304c\u6bd4\u8f03\u7684\u4f4e\u3044\u4f1a\u793e\u306e\u5834\u5408\u3001\u5f79\u54e1\u5831\u916c\u984d\u306e\u4fee\u6b63\u3092\u3055\u308c\u306a\u3044\u70ba\u306b\u3082\u3001\u305d\u306e\u5f79\u54e1\u5831\u916c\u306e\u91d1\u984d\u306e\u7bc4\u56f2\u5185\u3067\u751f\u6d3b\u8cbb\u304c\u8cc4\u3048\u3066\u3044\u308b\u3068\u3044\u3046\u3053\u3068\u3092\u91d1\u878d\u6a5f\u95a2\u306e\u62c5\u5f53\u8005\u306b\u8aac\u660e\u3092\u3059\u308b\u5fc5\u8981\u304c\u3042\u308a\u307e\u3059\u3002<\/p>\r\n<h2>\u50b5\u52d9\u511f\u9084\u5e74\u6570<\/h2>\r\n<p>\u6b21\u306b\u91d1\u878d\u6a5f\u95a2\u304c\u6c7a\u7b97\u66f8\u3092\u78ba\u8a8d\u3059\u308b\u30dd\u30a4\u30f3\u30c8\u306f\u3001\u300c\u50b5\u52d9\u511f\u9084\u5e74\u6570\u300d\u3068\u306a\u308a\u3001\u300c\u501f\u5165\u984d\u00f7\u8fd4\u6e08\u80fd\u529b\u300d\u3067\u78ba\u8a8d\u3059\u308b\u3053\u3068\u304c\u51fa\u6765\u307e\u3059\u3002\u524d\u8ff0\u306e\u7b97\u5f0f\u304b\u3089\u3082\u5206\u304b\u308b\u3088\u3046\u306b\u3001\u50b5\u52d9\u511f\u9084\u5e74\u6570\u3068\u306f\u3001\u73fe\u72b6\u306e\u8fd4\u6e08\u80fd\u529b\u3067\u65e2\u5b58\u306e\u501f\u5165\u984d\u3092\u4f55\u5e74\u9593\u3067\u8fd4\u6e08\u3067\u304d\u308b\u306e\u304b\u3068\u3044\u3046\u3001\u501f\u5165\u984d\u3068\u8fd4\u6e08\u80fd\u529b\u306e\u30d0\u30e9\u30f3\u30b9\u3092\u78ba\u8a8d\u3059\u308b\u6307\u6a19\u3068\u306a\u308a\u307e\u3059\u3002<\/p>\r\n<p>\u4f8b\u3048\u3070\u3001\u501f\u5165\u91d1\u304c\uff11\u5104\u5186\u3042\u308b\u4f1a\u793e\u306e\u8fd4\u6e08\u80fd\u529b\u304c\uff11\uff10\uff10\u4e07\u5186\u3060\u3068\u3057\u305f\u3089\u3001\uff11\u5104\u5186\u00f7\uff11\uff10\uff10\u4e07\u5186\uff1d\uff11\uff10\uff10\u5e74\u3068\u306a\u308a\u307e\u3059\u3002\u3053\u306e\u3088\u3046\u306a\u4f1a\u793e\u306b\u91d1\u878d\u6a5f\u95a2\u304c\u8ffd\u52a0\u3067\u878d\u8cc7\u3092\u3059\u308b\u3067\u3057\u3087\u3046\u304b\u3002\u666e\u901a\u306b\u8003\u3048\u308b\u3068\u878d\u8cc7\u306f\u898b\u9001\u3089\u308c\u307e\u3059\u3002\u4e00\u822c\u8ad6\u3067\u3059\u304c\u3001\u8ffd\u52a0\u878d\u8cc7\u3092\u53d7\u3051\u3088\u3046\u3068\u3059\u308b\u5834\u5408\u306f\u3001\u50b5\u52d9\u511f\u9084\u5e74\u6570\u306f\uff11\uff10\u5e74\u672a\u6e80\u3067\u3042\u308b\u3053\u3068\u304c\u4e00\u3064\u306e\u76ee\u5b89\u3068\u306a\u308a\u307e\u3059\u3002<\/p>\r\n<p>\u306a\u304a\u3001\u50b5\u52d9\u511f\u9084\u5e74\u6570\u306e\u7b97\u5f0f\u3067\u3059\u304c\u3001\u524d\u8ff0\u306e\u300c\u501f\u5165\u984d\u00f7\u8fd4\u6e08\u80fd\u529b\u300d\u3067\u8a08\u7b97\u3059\u308b\u306e\u304c\u4e00\u822c\u7684\u3067\u3059\u304c\u3001\u300c\uff08\u501f\u5165\u984d\uff0d\u73fe\u9810\u91d1\uff0d\u904b\u8ee2\u8cc7\u91d1\uff09\u00f7\u8fd4\u6e08\u80fd\u529b\u300d\u3067\u8a08\u7b97\u3059\u308b\u65b9\u6cd5\u3082\u3042\u308a\u307e\u3059\u3002\u5f8c\u8ff0\u306e\u50b5\u52d9\u511f\u9084\u5e74\u6570\u306e\u8003\u3048\u65b9\u3068\u3057\u3066\u306f\u3001\u73fe\u9810\u91d1\u306e\u91d1\u984d\u3092\u501f\u5165\u984d\u304b\u3089\u63a7\u9664\u3057\u3066\u3001\u5b9f\u8cea\u7684\u306a\u501f\u5165\u984d\u3092\u7b97\u51fa\u3057\u3001\u904b\u8ee2\u8cc7\u91d1\u306b\u3064\u3044\u3066\u306f\u3001\u5e38\u306b\u501f\u5165\u3067\u8cc4\u3063\u3066\u3044\u3066\u3082\u5dee\u3057\u652f\u3048\u306e\u306a\u3044\u6027\u8cea\u306e\u3082\u306e\u3068\u8003\u3048\u3001\u904b\u8ee2\u8cc7\u91d1\u984d\uff08\u58f2\u639b\u91d1\uff0b\u68da\u5378\u8cc7\u7523\uff0d\u8cb7\u639b\u91d1\uff09\u306b\u3064\u3044\u3066\u3082\u8fd4\u6e08\u3057\u306a\u3051\u308c\u3070\u306a\u3089\u306a\u3044\u501f\u5165\u984d\u304b\u3089\u63a7\u9664\u3057\u3066\u3001\u300c\u4e8b\u5b9f\u4e0a\u306e\u501f\u5165\u984d\u300d\u3092\u7b97\u51fa\u3057\u307e\u3059\u3002\u305d\u3057\u3066\u3053\u306e\u300c\u4e8b\u5b9f\u4e0a\u306e\u501f\u5165\u984d\u300d\u3092\u8fd4\u6e08\u80fd\u529b\u3067\u9664\u3057\u3066\u50b5\u52d9\u511f\u9084\u5e74\u6570\u3092\u8a08\u7b97\u3057\u307e\u3059\u3002\u4e00\u822c\u7684\u306b\u306f\u3001\u5148\u306b\u8a18\u8f09\u3057\u305f\u300c\u501f\u5165\u984d\u00f7\u8fd4\u6e08\u80fd\u529b\u300d\u3067\u50b5\u52d9\u511f\u9084\u5e74\u6570\u3092\u8a08\u7b97\u3059\u308b\u3053\u3068\u306e\u65b9\u304c\u591a\u3044\u306e\u3067\u3059\u304c\u3001\u3053\u306e\u7b97\u5f0f\u3067\u306f\uff11\uff10\u5e74\u3092\u8d85\u3048\u3066\u3057\u307e\u3046\u4f1a\u793e\u306f\u3001\u5f8c\u8ff0\u306e\u300c\uff08\u501f\u5165\u984d\uff0d\u73fe\u9810\u91d1\uff0d\u904b\u8ee2\u8cc7\u91d1\uff09\u00f7\u8fd4\u6e08\u80fd\u529b\u300d\u3067\u50b5\u52d9\u511f\u9084\u5e74\u6570\u3092\u8a08\u7b97\u3057\u3066\u3001\u91d1\u878d\u6a5f\u95a2\u306b\u50b5\u52d9\u511f\u9084\u5e74\u6570\u304c\uff11\uff10\u5e74\u672a\u6e80\u3067\u3042\u308b\u3068\u8aac\u660e\u3059\u308b\u306e\u3082\u4e00\u3064\u306e\u65b9\u6cd5\u3060\u3068\u601d\u3044\u307e\u3059\u3002<\/p>\r\n<h2>\u8ca1\u52d9\u306e\u5065\u5168\u6027<\/h2>\r\n<p>\u6700\u5f8c\u306b\u91d1\u878d\u6a5f\u95a2\u304c\u6c7a\u7b97\u66f8\u3092\u78ba\u8a8d\u3059\u308b\u30dd\u30a4\u30f3\u30c8\u306f\u3001\u300c\u8ca1\u52d9\u306e\u5065\u5168\u6027\u300d\u3067\u3059\u3002\u8ca1\u52d9\u306e\u5065\u5168\u6027\u3068\u306f\u3001\u7aef\u7684\u306b\u8a00\u3046\u3068\u3001\u50b5\u52d9\u8d85\u904e\u306b\u9665\u3063\u3066\u3044\u306a\u3044\u304b\u3069\u3046\u304b\u3001\u9055\u3046\u8a00\u3044\u65b9\u3092\u3059\u308b\u3068\u3001\uff22\uff33\u306e\u7d14\u8cc7\u7523\u304c\u30d7\u30e9\u30b9\u304b\u3069\u3046\u304b\u3068\u3044\u3046\u4e8b\u306b\u306a\u308a\u307e\u3059\u3002\u305f\u3060\u3057\u3001\u50b5\u52d9\u8d85\u904e\u306b\u9665\u3063\u3066\u3044\u306a\u3044\u304b\u3069\u3046\u304b\u306f\u3001\uff22\uff33\u306e\u8868\u9762\u4e0a\u306e\u6570\u5024\u3092\u4f7f\u7528\u3059\u308b\u306e\u3067\u306f\u306a\u304f\u3001\u8868\u9762\u4e0a\u306e\u6570\u5024\u306b\u4e00\u5b9a\u306e\u4fee\u6b63\u3092\u52a0\u3048\u305f\u5f8c\u306e\u91d1\u984d\u3067\u5224\u65ad\u3059\u308b\u3053\u3068\u306b\u306a\u308a\u307e\u3059\u3002\u306a\u304a\u3001\u4e00\u5b9a\u306e\u4fee\u6b63\u3068\u306f\u6b21\u306e\uff12\u70b9\u3068\u306a\u308a\u307e\u3059\u3002<\/p>\r\n<ul>\r\n  <li>\u8868\u9762\u4e0a\u306b\u7d14\u8cc7\u7523\u984d\u306b\u52a0\u7b97\u3059\u308b\u79d1\u76ee\u306e\u6709\u7121\u306e\u78ba\u8a8d<\/li>\r\n  <li>\u8868\u9762\u4e0a\u306e\u7d14\u8cc7\u7523\u984d\u304b\u3089\u6e1b\u7b97\u3059\u308b\u79d1\u76ee\u306e\u6709\u7121\u306e\u78ba\u8a8d<\/li>\r\n<\/ul>\r\n<p>\u6700\u521d\u306b\u3001\u8868\u9762\u4e0a\u306e\u7d14\u8cc7\u7523\u984d\u306b\u52a0\u7b97\u3059\u308b\u79d1\u76ee\u306e\u6709\u7121\u306e\u78ba\u8a8d\u3067\u3059\u304c\u3001\u4ee3\u8868\u7684\u306a\u3082\u306e\u304c\u300c\u5f79\u54e1\u501f\u5165\u91d1\u300d\u300c\u5f79\u54e1\u672a\u6255\u91d1\u300d\u306e\u79d1\u76ee\u3067\u3059\u3002\u3053\u308c\u3089\uff12\u3064\u306e\u79d1\u76ee\u306f\u3001\u4f1a\u8a08\u4e0a\u306f\u8ca0\u50b5\u79d1\u76ee\u3068\u3057\u3066\u8a08\u4e0a\u3055\u308c\u3066\u3044\u307e\u3059\u304c\u3001\u4e2d\u5c0f\u4f01\u696d\u306e\u5834\u5408\u306f\u3001\u307b\u3068\u3093\u3069\u304c\u8cc7\u672c\u3068\u540c\u3058\u6027\u8cea\u3092\u6301\u3061\u3001\u4f1a\u793e\u306b\u3068\u3063\u3066\u306f\u3001\u8fd4\u6e08\u3059\u308b\u5fc5\u8981\u304c\u306a\u3044\u3082\u306e\u3068\u3057\u3066\u6271\u3048\u308b\u3053\u3068\u304c\u591a\u3044\u305f\u3081\u3001\u3053\u308c\u3089\u306e\u300c\u5f79\u54e1\u501f\u5165\u91d1\u300d\u3084\u300c\u5f79\u54e1\u672a\u6255\u91d1\u300d\u306e\u79d1\u76ee\u306e\u91d1\u984d\u306f\u7d14\u8cc7\u7523\u984d\u306b\u52a0\u7b97\u3057\u307e\u3059\u3002<\/p>\r\n<p>\u6b21\u306b\u3001\u8868\u9762\u4e0a\u306e\u7d14\u8cc7\u7523\u984d\u304b\u3089\u6e1b\u7b97\u3059\u308b\u79d1\u76ee\u306e\u6709\u7121\u306e\u78ba\u8a8d\u3067\u3059\u304c\u3001\u300c\u58f2\u639b\u91d1\u300d\u300c\u672a\u53ce\u91d1\u300d\u300c\u8cb8\u4ed8\u91d1\u300d\u300c\u4eee\u6255\u91d1\u300d\u7b49\u3067\u5b9f\u8cea\u7684\u306b\u306f\u56de\u53ce\u4e0d\u80fd\u3068\u306a\u3063\u3066\u3044\u308b\u3082\u306e\u304c\u306a\u3044\u304b\u3069\u3046\u304b\u3001\u3082\u3057\u56de\u53ce\u4e0d\u80fd\u3068\u306a\u3063\u3066\u3044\u308b\u3082\u306e\u304c\u3042\u308c\u3070\u3001\u305d\u306e\u91d1\u984d\u3092\u7d14\u8cc7\u7523\u984d\u304b\u3089\u6e1b\u7b97\u3057\u307e\u3059\u3002\u307e\u305f\u3001\u6e1b\u4fa1\u511f\u5374\u8cc7\u7523\u306b\u3064\u3044\u3066\u3082\u511f\u5374\u4e0d\u8db3\u984d\u304c\u3042\u308c\u3070\u3001\u305d\u306e\u511f\u5374\u4e0d\u8db3\u984d\u3092\u7d14\u8cc7\u7523\u984d\u304b\u3089\u6e1b\u7b97\u3057\u307e\u3059\u3002<\/p>\r\n<p>\u4e0a\u8a18\u306e\u3088\u3046\u306a\u4fee\u6b63\u3092\u52a0\u3048\u3001\u5b9f\u8cea\u7684\u306a\u7d14\u8cc7\u7523\u984d\u3092\u7b97\u51fa\u3057\u3001\u50b5\u52d9\u8d85\u904e\u306b\u9665\u3063\u3066\u3044\u306a\u3044\u304b\u3069\u3046\u304b\u3092\u78ba\u8a8d\u3057\u307e\u3059\u3002<\/p>","protected":false},"excerpt":{"rendered":"\u878d\u8cc7\u5be9\u67fb\u306e\u969b\u3001\u91d1\u878d\u6a5f\u95a2\u304c\u5fc5\u305a\u30c1\u30a7\u30c3\u30af\u3059\u308b\uff13\u3064\u306e\u30dd\u30a4\u30f3\u30c8 \u878d\u8cc7\u5be9\u67fb\u306e\u57fa\u6e96\u306f\u3001\u91d1\u878d\u6a5f\u95a2\u304c\u72ec\u81ea\u306b\u5b9a\u3081\u3066\u304a\u308a\u3001\u305d\u306e\u5be9\u67fb\u57fa\u6e96\u3068\u3044\u3046\u306e\u306f\u5916\u90e8\u306b\u516c\u8868\u3055\u308c\u3066\u3044\u306a\u3044\u70ba\u3001\u25cb\u25cb\u9280\u884c\u306e\u878d\u8cc7\u5be9\u67fb\u57fa\u6e96\u306f\u25cf\u25cf\u25cf\u3068\u00d7\u00d7\u00d7\u3067\u3042\u308b\u3001\u3068\u3044\u3046\u3088\u3046\u306a\u4e8b\u306f\u6211\u3005\u91d1\u878d [&hellip;]","protected":false},"author":1,"featured_media":0,"parent":12,"menu_order":30,"comment_status":"closed","ping_status":"closed","template":"","meta":{"_acf_changed":false,"footnotes":""},"tags":[],"class_list":["post-78","page","type-page","status-publish","hentry"],"acf":[],"aioseo_notices":[],"_links":{"self":[{"href":"https:\/\/www.inari-taxoffice.com\/shikinguri\/wp-json\/wp\/v2\/pages\/78","targetHints":{"allow":["GET"]}}],"collection":[{"href":"https:\/\/www.inari-taxoffice.com\/shikinguri\/wp-json\/wp\/v2\/pages"}],"about":[{"href":"https:\/\/www.inari-taxoffice.com\/shikinguri\/wp-json\/wp\/v2\/types\/page"}],"author":[{"embeddable":true,"href":"https:\/\/www.inari-taxoffice.com\/shikinguri\/wp-json\/wp\/v2\/users\/1"}],"replies":[{"embeddable":true,"href":"https:\/\/www.inari-taxoffice.com\/shikinguri\/wp-json\/wp\/v2\/comments?post=78"}],"version-history":[{"count":2,"href":"https:\/\/www.inari-taxoffice.com\/shikinguri\/wp-json\/wp\/v2\/pages\/78\/revisions"}],"predecessor-version":[{"id":359,"href":"https:\/\/www.inari-taxoffice.com\/shikinguri\/wp-json\/wp\/v2\/pages\/78\/revisions\/359"}],"up":[{"embeddable":true,"href":"https:\/\/www.inari-taxoffice.com\/shikinguri\/wp-json\/wp\/v2\/pages\/12"}],"wp:attachment":[{"href":"https:\/\/www.inari-taxoffice.com\/shikinguri\/wp-json\/wp\/v2\/media?parent=78"}],"wp:term":[{"taxonomy":"post_tag","embeddable":true,"href":"https:\/\/www.inari-taxoffice.com\/shikinguri\/wp-json\/wp\/v2\/tags?post=78"}],"curies":[{"name":"wp","href":"https:\/\/api.w.org\/{rel}","templated":true}]}}